{"id":32,"date":"2021-07-31T07:19:40","date_gmt":"2021-07-31T07:19:40","guid":{"rendered":"http:\/\/147.182.193.196\/wordpress\/colibri-wp\/"},"modified":"2025-05-21T15:41:04","modified_gmt":"2025-05-21T22:41:04","slug":"colibri-wp","status":"publish","type":"page","link":"https:\/\/lomasdesantafe.com.mx\/blogs\/","title":{"rendered":"Front Page"},"content":{"rendered":"<div data-colibri-id=\"32-c1\" class=\"style-190 style-local-32-c1 position-relative\">\n  <!---->\n  <div data-colibri-component=\"section\" data-colibri-id=\"32-c2\" id=\"custom\" class=\"h-section h-section-global-spacing d-flex align-items-lg-center align-items-md-center align-items-center style-409 style-local-32-c2 position-relative\">\n    <!---->\n    <!---->\n    <div class=\"h-section-grid-container h-section-boxed-container\">\n      <!---->\n      <div data-colibri-id=\"32-c3\" class=\"h-row-container gutters-row-lg-2 gutters-row-md-2 gutters-row-0 gutters-row-v-lg-2 gutters-row-v-md-2 gutters-row-v-2 style-410 style-local-32-c3 position-relative\">\n        <!---->\n        <div class=\"h-row justify-content-lg-center justify-content-md-center justify-content-center align-items-lg-stretch align-items-md-stretch align-items-stretch gutters-col-lg-2 gutters-col-md-2 gutters-col-0 gutters-col-v-lg-2 gutters-col-v-md-2 gutters-col-v-2\">\n          <!---->\n          <div class=\"h-column h-column-container d-flex h-col-lg-auto h-col-md-auto h-col-auto style-411-outer style-local-32-c4-outer\">\n            <div data-colibri-id=\"32-c4\" class=\"d-flex h-flex-basis h-column__inner h-px-lg-2 h-px-md-2 h-px-2 v-inner-lg-2 v-inner-md-2 v-inner-2 style-411 style-local-32-c4 position-relative\">\n              <!---->\n              <!---->\n              <div class=\"w-100 h-y-container h-column__content h-column__v-align flex-basis-100 align-self-lg-start align-self-md-start align-self-start\">\n                <!---->\n                <div data-colibri-id=\"32-c5\" class=\"h-global-transition-all h-heading style-437 style-local-32-c5 position-relative h-element\">\n                  <!---->\n                  <div class=\"h-heading__outer style-437 style-local-32-c5\">\n                    <!---->\n                    <!---->\n                    <h1 class=\"\">Bienvenidos<\/h1>\n                  <\/div>\n                <\/div>\n              <\/div>\n            <\/div>\n          <\/div>\n        <\/div>\n      <\/div>\n    <\/div>\n  <\/div>\n  <div data-colibri-component=\"section\" data-colibri-id=\"32-c6\" id=\"overlappable\" class=\"h-section h-section-global-spacing d-flex align-items-lg-center align-items-md-center align-items-center style-412 style-local-32-c6 position-relative\">\n    <!---->\n    <!---->\n    <div class=\"h-section-grid-container h-section-boxed-container\">\n      <!---->\n      <div data-colibri-id=\"32-c7\" class=\"h-row-container gutters-row-lg-2 gutters-row-md-0 gutters-row-2 gutters-row-v-lg-2 gutters-row-v-md-0 gutters-row-v-2 style-413 style-local-32-c7 position-relative\">\n        <!---->\n        <div class=\"h-row justify-content-lg-center justify-content-md-center justify-content-center align-items-lg-stretch align-items-md-stretch align-items-stretch gutters-col-lg-2 gutters-col-md-0 gutters-col-2 gutters-col-v-lg-2 gutters-col-v-md-0 gutters-col-v-2\">\n          <!---->\n          <div class=\"h-column h-column-container d-flex h-col-lg-4 h-col-md-4 h-col-12 style-414-outer style-local-32-c8-outer\">\n            <div data-colibri-id=\"32-c8\" class=\"d-flex h-flex-basis h-column__inner h-px-lg-2 h-px-md-3 h-px-2 v-inner-lg-0 v-inner-md-3 v-inner-2 style-414 style-local-32-c8 position-relative\">\n              <!---->\n              <!---->\n              <div class=\"w-100 h-y-container h-column__content h-column__v-align flex-basis-100 align-self-lg-start align-self-md-start align-self-start\">\n                <!---->\n                <div data-colibri-id=\"32-c9\" class=\"h-icon style-415 style-local-32-c9 position-relative h-element\">\n                  <!---->\n                  <a href=\"https:\/\/lomasdesantafe.com.mx\/usuarios\" h-use-smooth-scroll=\"true\"><span class=\"h-svg-icon h-icon__icon style-415-icon style-local-32-c9-icon\"><!--Icon by Font Awesome (https:\/\/fontawesome.com)-->\n    <svg version=\"1.1\" xmlns=\"http:\/\/www.w3.org\/2000\/svg\" xmlns:xlink=\"http:\/\/www.w3.org\/1999\/xlink\" id=\"user\" viewBox=\"0 0 1354.8114 1896.0833\">\n      <path d=\"M1280 1399q0 109-62.5 187t-150.5 78H213q-88 0-150.5-78T0 1399q0-85 8.5-160.5t31.5-152 58.5-131 94-89T327 832q131 128 313 128t313-128q76 0 134.5 34.5t94 89 58.5 131 31.5 152 8.5 160.5zm-256-887q0 159-112.5 271.5T640 896 368.5 783.5 256 512t112.5-271.5T640 128t271.5 112.5T1024 512z\"><\/path>\n    <\/svg><\/span><\/a>\n                <\/div>\n                <div data-colibri-id=\"32-c10\" class=\"h-global-transition-all h-heading style-416 style-local-32-c10 position-relative h-element\">\n                  <!---->\n                  <div class=\"h-heading__outer style-416 style-local-32-c10\">\n                    <!---->\n                    <!---->\n                    <h5 class=\"\">Usuarios<\/h5>\n                  <\/div>\n                <\/div>\n                <div data-colibri-id=\"32-c11\" class=\"h-text h-text-component style-417 style-local-32-c11 position-relative h-element\">\n                  <!---->\n                  <!---->\n                  <div class=\"\">\n                    <p>Si eres residente en nuestro fraccionamiento, esta secci\u00f3n es para ti. Aqu\u00ed podr\u00e1s acceder a informaci\u00f3n relevante para residentes, como noticias y eventos del fraccionamiento, comunicados importantes y m\u00e1s.\n                      <br>\n                    <\/p>\n                  <\/div>\n                <\/div>\n              <\/div>\n            <\/div>\n          <\/div>\n          <div class=\"h-column h-column-container d-flex h-col-lg-4 h-col-md-4 h-col-12 style-414-outer style-local-32-c12-outer\">\n            <div data-colibri-id=\"32-c12\" class=\"d-flex h-flex-basis h-column__inner h-px-lg-2 h-px-md-3 h-px-2 v-inner-lg-0 v-inner-md-3 v-inner-2 style-414 style-local-32-c12 position-relative\">\n              <!---->\n              <!---->\n              <div class=\"w-100 h-y-container h-column__content h-column__v-align flex-basis-100 align-self-lg-start align-self-md-start align-self-start\">\n                <!---->\n                <div data-colibri-id=\"32-c13\" class=\"h-icon style-415 style-local-32-c13 position-relative h-element\">\n                  <!---->\n                  <a href=\"https:\/\/lomasdesantafe.com.mx\/guardias\" h-use-smooth-scroll=\"true\"><span class=\"h-svg-icon h-icon__icon style-415-icon style-local-32-c13-icon\"><!--Icon by Font Awesome (https:\/\/fontawesome.com)-->\n    <svg version=\"1.1\" xmlns=\"http:\/\/www.w3.org\/2000\/svg\" xmlns:xlink=\"http:\/\/www.w3.org\/1999\/xlink\" id=\"shield\" viewBox=\"0 0 1280 1896.0833\">\n      <path d=\"M1088 960V320H640v1137q119-63 213-137 235-184 235-360zm192-768v768q0 86-33.5 170.5t-83 150-118 127.5T919 1511t-121 77.5-89.5 49.5-42.5 20q-12 6-26 6t-26-6q-16-7-42.5-20t-89.5-49.5-121-77.5-126.5-103-118-127.5-83-150T0 960V192q0-26 19-45t45-19h1152q26 0 45 19t19 45z\"><\/path>\n    <\/svg><\/span><\/a>\n                <\/div>\n                <div data-colibri-id=\"32-c14\" class=\"h-global-transition-all h-heading style-416 style-local-32-c14 position-relative h-element\">\n                  <!---->\n                  <div class=\"h-heading__outer style-416 style-local-32-c14\">\n                    <!---->\n                    <!---->\n                    <h5 class=\"\">Guardias<\/h5>\n                  <\/div>\n                <\/div>\n                <div data-colibri-id=\"32-c15\" class=\"h-text h-text-component style-417 style-local-32-c15 position-relative h-element\">\n                  <!---->\n                  <!---->\n                  <div class=\"\">\n                    <p> Esta opci\u00f3n es exclusiva para nuestro equipo de seguridad y guardias. Aqu\u00ed podr\u00e1n ingresar para registrar el acceso de visitantes, reportar incidencias, y acceder a cualquier informaci\u00f3n vital para mantener la seguridad y el bienestar\n                      de nuestra comunidad.<\/p>\n                  <\/div>\n                <\/div>\n              <\/div>\n            <\/div>\n          <\/div>\n          <div class=\"h-column h-column-container d-flex h-col-lg-4 h-col-md-4 h-col-12 style-414-outer style-local-32-c16-outer\">\n            <div data-colibri-id=\"32-c16\" class=\"d-flex h-flex-basis h-column__inner h-px-lg-2 h-px-md-3 h-px-2 v-inner-lg-0 v-inner-md-3 v-inner-2 style-414 style-local-32-c16 position-relative\">\n              <!---->\n              <!---->\n              <div class=\"w-100 h-y-container h-column__content h-column__v-align flex-basis-100 align-self-lg-start align-self-md-start align-self-start\">\n                <!---->\n                <div data-colibri-id=\"32-c17\" class=\"h-icon style-415 style-local-32-c17 position-relative h-element\">\n                  <!---->\n                  <a href=\"https:\/\/lomasdesantafe.com.mx\/admin\" h-use-smooth-scroll=\"true\"><span class=\"h-svg-icon h-icon__icon style-415-icon style-local-32-c17-icon\"><!--Icon by Font Awesome (https:\/\/fontawesome.com)-->\n    <svg version=\"1.1\" xmlns=\"http:\/\/www.w3.org\/2000\/svg\" xmlns:xlink=\"http:\/\/www.w3.org\/1999\/xlink\" id=\"desktop\" viewBox=\"0 0 1920 1896.0833\">\n      <path d=\"M1792 992V160q0-13-9.5-22.5T1760 128H160q-13 0-22.5 9.5T128 160v832q0 13 9.5 22.5t22.5 9.5h1600q13 0 22.5-9.5t9.5-22.5zm128-832v1088q0 66-47 113t-113 47h-544q0 37 16 77.5t32 71 16 43.5q0 26-19 45t-45 19H704q-26 0-45-19t-19-45q0-14 16-44t32-70 16-78H160q-66 0-113-47T0 1248V160Q0 94 47 47T160 0h1600q66 0 113 47t47 113z\"><\/path>\n    <\/svg><\/span><\/a>\n                <\/div>\n                <div data-colibri-id=\"32-c18\" class=\"h-global-transition-all h-heading style-416 style-local-32-c18 position-relative h-element\">\n                  <!---->\n                  <div class=\"h-heading__outer style-416 style-local-32-c18\">\n                    <!---->\n                    <!---->\n                    <h5 class=\"\">ADMINISTRATIVOS<\/h5>\n                  <\/div>\n                <\/div>\n                <div data-colibri-id=\"32-c19\" class=\"h-text h-text-component style-417 style-local-32-c19 position-relative h-element\">\n                  <!---->\n                  <!---->\n                  <div class=\"\">\n                    <p>Reservado para el personal administrativo del fraccionamiento. Si eres parte del equipo que mantiene todo en funcionamiento, aqu\u00ed encontrar\u00e1s herramientas y recursos para gestionar aspectos administrativos, como noticias, recorridos\n                      de los guardias y otras tareas esenciales.<\/p>\n                  <\/div>\n                <\/div>\n              <\/div>\n            <\/div>\n          <\/div>\n        <\/div>\n      <\/div>\n    <\/div>\n  <\/div>\n<\/div>","protected":false},"excerpt":{"rendered":"<p>Bienvenidos Usuarios Si eres residente en nuestro fraccionamiento, esta secci\u00f3n es para ti. Aqu\u00ed podr\u00e1s acceder a informaci\u00f3n relevante para residentes, como noticias y eventos del fraccionamiento, comunicados importantes y m\u00e1s. Guardias Esta opci\u00f3n es exclusiva para nuestro equipo de seguridad y guardias. Aqu\u00ed podr\u00e1n ingresar para registrar el acceso de visitantes, reportar incidencias, y [&hellip;]<\/p>\n","protected":false},"author":1,"featured_media":0,"parent":0,"menu_order":0,"comment_status":"closed","ping_status":"closed","template":"page-templates\/homepage.php","meta":{"footnotes":""},"class_list":["post-32","page","type-page","status-publish","hentry"],"_links":{"self":[{"href":"https:\/\/lomasdesantafe.com.mx\/blogs\/index.php?rest_route=\/wp\/v2\/pages\/32","targetHints":{"allow":["GET"]}}],"collection":[{"href":"https:\/\/lomasdesantafe.com.mx\/blogs\/index.php?rest_route=\/wp\/v2\/pages"}],"about":[{"href":"https:\/\/lomasdesantafe.com.mx\/blogs\/index.php?rest_route=\/wp\/v2\/types\/page"}],"author":[{"embeddable":true,"href":"https:\/\/lomasdesantafe.com.mx\/blogs\/index.php?rest_route=\/wp\/v2\/users\/1"}],"replies":[{"embeddable":true,"href":"https:\/\/lomasdesantafe.com.mx\/blogs\/index.php?rest_route=%2Fwp%2Fv2%2Fcomments&post=32"}],"version-history":[{"count":20,"href":"https:\/\/lomasdesantafe.com.mx\/blogs\/index.php?rest_route=\/wp\/v2\/pages\/32\/revisions"}],"predecessor-version":[{"id":898,"href":"https:\/\/lomasdesantafe.com.mx\/blogs\/index.php?rest_route=\/wp\/v2\/pages\/32\/revisions\/898"}],"wp:attachment":[{"href":"https:\/\/lomasdesantafe.com.mx\/blogs\/index.php?rest_route=%2Fwp%2Fv2%2Fmedia&parent=32"}],"curies":[{"name":"wp","href":"https:\/\/api.w.org\/{rel}","templated":true}]}}